{"id":89,"date":"2024-06-06T09:44:20","date_gmt":"2024-06-06T09:44:20","guid":{"rendered":"https:\/\/absauganlage-selber-bauen.de\/?page_id=89"},"modified":"2024-06-17T06:50:21","modified_gmt":"2024-06-17T06:50:21","slug":"89-2","status":"publish","type":"page","link":"https:\/\/absauganlage-selber-bauen.de\/?page_id=89","title":{"rendered":"FAQ"},"content":{"rendered":"\n<div class=\"wp-block-group alignfull has-base-color has-contrast-background-color has-text-color has-background has-link-color wp-elements-d68ab116180ae599ac6208b583f692d8 has-global-padding is-layout-constrained wp-container-core-group-is-layout-d89aad35 wp-block-group-is-layout-constrained\" style=\"margin-top:0;margin-bottom:0;padding-top:var(--wp--preset--spacing--50);padding-right:var(--wp--preset--spacing--50);padding-bottom:var(--wp--preset--spacing--50);padding-left:var(--wp--preset--spacing--50)\">\n<h2 class=\"wp-block-heading alignwide has-base-color has-text-color has-link-color wp-elements-c9b5699bdecff18878afa112249018b5\" style=\"font-size:clamp(4.509rem, 4.509rem + ((1vw - 0.2rem) * 9.152), 10rem);letter-spacing:-0.02em\">FAQs<\/h2>\n\n\n\n<div class=\"wp-block-group alignwide is-layout-flow wp-block-group-is-layout-flow\">\n<hr class=\"wp-block-separator has-text-color has-base-color has-alpha-channel-opacity has-base-background-color has-background is-style-wide\"\/>\n\n\n\n<details class=\"wp-block-details is-style-arrow-icon-details has-medium-font-size is-layout-flow wp-block-details-is-layout-flow\" style=\"border-top-style:none;border-top-width:0px;border-right-style:none;border-right-width:0px;border-bottom-color:var(--wp--preset--color--base);border-bottom-style:solid;border-bottom-width:1px;border-left-style:none;border-left-width:0px;margin-top:0\"><summary>Was ist eine Absauganlage?<\/summary>\n<p class=\"has-contrast-1-color has-text-color has-link-color wp-elements-208b9e2fe94258e89c54999ece285511\">Die Absauganlage ist ein System zur Absaugung von Holzstaub, wenn der Werkstattstaubsauger nicht mehr reicht und man langfristig effizient seine Werkstatt beim Arbeiten sauber halten m\u00f6chte. Eine Absauganlage ist meistens nicht mobil und braucht einen festen Stellplatz in deiner Werkstatt.<\/p>\n<\/details>\n\n\n\n<details class=\"wp-block-details is-style-arrow-icon-details has-medium-font-size is-layout-flow wp-block-details-is-layout-flow\" style=\"border-top-style:none;border-top-width:0px;border-right-style:none;border-right-width:0px;border-bottom-color:var(--wp--preset--color--base);border-bottom-style:solid;border-bottom-width:1px;border-left-style:none;border-left-width:0px;margin-top:0\"><summary>Kann ich mit der Absauganlage Hobelsp\u00e4ne absaugen?<\/summary>\n<p class=\"has-contrast-1-color has-text-color has-link-color wp-elements-51b1fc2b0d95ebe1fcf2da04d4626602\">Zur Absaugung von groben Hobelsp\u00e4nen empfehlen wir die Absauganlage nicht, weil diese sich verkeilen k\u00f6nnen und das Rohr verstopfen w\u00fcrden.<\/p>\n<\/details>\n\n\n\n<details class=\"wp-block-details is-style-arrow-icon-details has-medium-font-size is-layout-flow wp-block-details-is-layout-flow\" style=\"border-top-style:none;border-top-width:0px;border-right-style:none;border-right-width:0px;border-bottom-color:var(--wp--preset--color--base);border-bottom-style:solid;border-bottom-width:1px;border-left-style:none;border-left-width:0px;margin-top:0\"><summary>Warum sollte ich eine Absauganlage selber bauen?<\/summary>\n<p class=\"has-contrast-1-color has-text-color has-link-color wp-elements-33eb5ba66295d7be7afe58e862677c0a\">Die Gr\u00fcnde, die f\u00fcr den Bau einer Absauganlage, sind vielseitig. An allererster Stelle steht nat\u00fcrlich der Preis, du brauchst nicht viel und kannst sogar den alten Motor deines Staubsaugers daf\u00fcr verwenden. Meine Absauganlage l\u00e4sst sich auch super in der Werkstattwand integrieren. Du hast immer konstant gleiche Saugkraft und die Gr\u00f6\u00dfe des Auffangbeh\u00e4lters kannst du selber bestimmen.<\/p>\n<\/details>\n\n\n\n<details class=\"wp-block-details is-style-arrow-icon-details has-medium-font-size is-layout-flow wp-block-details-is-layout-flow\" style=\"border-top-style:none;border-top-width:0px;border-right-style:none;border-right-width:0px;border-bottom-color:var(--wp--preset--color--base);border-bottom-style:solid;border-bottom-width:1px;border-left-style:none;border-left-width:0px;margin-top:0\"><summary>Kann ich als Einsteiger die Absauganlage selber bauen?<\/summary>\n<p class=\"has-contrast-1-color has-text-color has-link-color wp-elements-9388c418664f4806c42bb5254f73b61a\">Ich biete dir eine detaillierte Bauanleitung f\u00fcr die Absauganlage an. Wenn du schon Grundkenntnisse im Holzbau erlernt hast, dann sollte es kein Problem sein. <\/p>\n<\/details>\n\n\n\n<details class=\"wp-block-details is-style-arrow-icon-details has-medium-font-size is-layout-flow wp-block-details-is-layout-flow\" style=\"border-top-style:none;border-top-width:0px;border-right-style:none;border-right-width:0px;border-bottom-color:var(--wp--preset--color--base);border-bottom-style:solid;border-bottom-width:1px;border-left-style:none;border-left-width:0px;margin-top:0\"><summary>Wie funktioniert ein Zyklonabscheider<\/summary>\n<p class=\"has-contrast-1-color has-text-color has-link-color wp-elements-f2b11b8b8a7014503307f693fce61051\">Ein Zyklonabscheider trennt groben Schmutz und Staub vom Luftstrom durch Zentrifugalkraft. Der Schmutz wird in einem Beh\u00e4lter gesammelt, w\u00e4hrend die sauberere Luft weiter zum Staubsauger geleitet wird.<\/p>\n<\/details>\n\n\n\n<details class=\"wp-block-details is-style-arrow-icon-details has-medium-font-size is-layout-flow wp-block-details-is-layout-flow\" style=\"border-top-style:none;border-top-width:0px;border-right-style:none;border-right-width:0px;border-bottom-color:var(--wp--preset--color--base);border-bottom-style:solid;border-bottom-width:1px;border-left-style:none;border-left-width:0px;margin-top:0\"><summary>Wie gro\u00df sollte der Sammelbeh\u00e4lter sein?<\/summary>\n<p class=\"has-contrast-1-color has-text-color has-link-color wp-elements-420660399f25b7ebd0082284cf804b06\">Die Gr\u00f6\u00dfe des Sammelbeh\u00e4lters h\u00e4ngt von der Menge des anfallenden Staubs ab. F\u00fcr die meisten Werkst\u00e4tten reicht ein mittelgro\u00dfer Beh\u00e4lter, wie bei der integrierten Absauganlage aus.<\/p>\n<\/details>\n\n\n\n<details class=\"wp-block-details is-style-arrow-icon-details has-medium-font-size is-layout-flow wp-block-details-is-layout-flow\" style=\"border-top-style:none;border-top-width:0px;border-right-style:none;border-right-width:0px;border-bottom-color:var(--wp--preset--color--base);border-bottom-style:solid;border-bottom-width:1px;border-left-style:none;border-left-width:0px;margin-top:0\"><summary>Wo finde ich die Baupl\u00e4ne und Anleitungen?<\/summary>\n<p class=\"has-contrast-1-color has-text-color has-link-color wp-elements-0499933f0808bce052aa8232bc640405\">Die Gr\u00f6\u00dfe des Sammelbeh\u00e4lters h\u00e4ngt von der Menge des anfallenden Staubs ab. F\u00fcr die meisten Heimwerkerprojekte reicht ein mittelgro\u00dfer Beh\u00e4lter aus.<\/p>\n<\/details>\n\n\n\n<details class=\"wp-block-details is-style-arrow-icon-details has-medium-font-size is-layout-flow wp-block-details-is-layout-flow\" style=\"border-top-style:none;border-top-width:0px;border-right-style:none;border-right-width:0px;border-bottom-color:var(--wp--preset--color--base);border-bottom-style:solid;border-bottom-width:1px;border-left-style:none;border-left-width:0px;margin-top:0\"><summary>Ist die Absauganlage mobil?<\/summary>\n<p class=\"has-contrast-1-color has-text-color has-link-color wp-elements-cf97074d488803f3daa62485b7533939\">Ja, mit entsprechenden \u00c4nderungen kann die Absauganlage mobil gebaut werden.<\/p>\n<\/details>\n\n\n\n<details class=\"wp-block-details is-style-arrow-icon-details has-medium-font-size is-layout-flow wp-block-details-is-layout-flow\" style=\"border-top-style:none;border-top-width:0px;border-right-style:none;border-right-width:0px;border-bottom-color:var(--wp--preset--color--base);border-bottom-style:solid;border-bottom-width:1px;border-left-style:none;border-left-width:0px;margin-top:0\"><summary>Gibt es Alternativen zur selbstgebauten Absauganlage?<\/summary>\n<p class=\"has-contrast-1-color has-text-color has-link-color wp-elements-0499933f0808bce052aa8232bc640405\">Die Gr\u00f6\u00dfe des Sammelbeh\u00e4lters h\u00e4ngt von der Menge des anfallenden Staubs ab. F\u00fcr die meisten Heimwerkerprojekte reicht ein mittelgro\u00dfer Beh\u00e4lter aus.<\/p>\n<\/details>\n\n\n\n<details class=\"wp-block-details is-style-arrow-icon-details has-medium-font-size is-layout-flow wp-block-details-is-layout-flow\" style=\"border-top-style:none;border-top-width:0px;border-right-style:none;border-right-width:0px;border-bottom-color:var(--wp--preset--color--base);border-bottom-style:solid;border-bottom-width:1px;border-left-style:none;border-left-width:0px;margin-top:0\"><summary>Wie laut ist die Absauganlage im Betrieb?<\/summary>\n<p class=\"has-contrast-1-color has-text-color has-link-color wp-elements-ec083b98a53435d4be428687778189ba\">Die Lautst\u00e4rke h\u00e4ngt vom verwendeten Staubsauger ab. In der Regel sind leistungsstarke Staubsauger etwas lauter, aber der L\u00e4rmpegel kann durch geeignete Ma\u00dfnahmen, wie das D\u00e4mmen des Staubsaugermotors, reduziert werden.<\/p>\n<\/details>\n\n\n\n<details class=\"wp-block-details is-style-arrow-icon-details has-medium-font-size is-layout-flow wp-block-details-is-layout-flow\" style=\"border-top-style:none;border-top-width:0px;border-right-style:none;border-right-width:0px;border-bottom-color:var(--wp--preset--color--base);border-bottom-style:solid;border-bottom-width:1px;border-left-style:none;border-left-width:0px;margin-top:0\"><summary>Kann ich mehrere Ger\u00e4te anschlie\u00dfen?<\/summary>\n<p class=\"has-contrast-1-color has-text-color has-link-color wp-elements-fae674555ecbb9931522cfaf89da6402\">Ja, mit sogenannten &#8222;Blastgates&#8220; und Verteiler k\u00f6nnt ihr mehrere Ger\u00e4te anschlie\u00dfen und benutzen.<\/p>\n<\/details>\n\n\n\n<details class=\"wp-block-details is-style-arrow-icon-details has-medium-font-size is-layout-flow wp-block-details-is-layout-flow\" style=\"border-top-style:none;border-top-width:0px;border-right-style:none;border-right-width:0px;border-bottom-color:var(--wp--preset--color--base);border-bottom-style:solid;border-bottom-width:1px;border-left-style:none;border-left-width:0px;margin-top:0\"><summary>Warum nicht einfach einen Staubsauger benutzen?<\/summary>\n<p class=\"has-contrast-1-color has-text-color has-link-color wp-elements-85f5cbc80f49848245774a325330fd5f\">Der einfachste und naheliegendste Weg ist es, einen alten Staubsauger an die Maschinen anzuschlie\u00dfen.<br>Doch ein handels\u00fcblicher Staubsauger hat einen<strong> gravierenden Nachteil<\/strong>:<br>Solche Staubsauger haben in der Regel nur einen relativ kleinen Beutel, der in Relation zur Staub- und Sp\u00e4nemenge nach nur wenigen Minuten voll sein wird. Man kann diesen dann zwar problemlos wechseln, aber auch das geht dann schnell ins Geld und ist nervig. Beutellose Staubsauger sind da leider auch keine L\u00f6sung, denn die kleinen Luftkan\u00e4le dieser Ger\u00e4te verstopfen in k\u00fcrzester Zeit, so nimmt die Saugleistung stark ab und der \u00c4rger \u00fcberwiegt deutlich dem Nutzen.<\/p>\n<\/details>\n\n\n\n<div style=\"margin-top:var(--wp--preset--spacing--10);margin-bottom:0;height:var(--wp--preset--spacing--10)\" aria-hidden=\"true\" class=\"wp-block-spacer\"><\/div>\n<\/div>\n<\/div>\n","protected":false},"excerpt":{"rendered":"<p>FAQs<\/p>\n","protected":false},"author":1,"featured_media":0,"parent":0,"menu_order":0,"comment_status":"closed","ping_status":"closed","template":"","meta":{"footnotes":""},"class_list":["post-89","page","type-page","status-publish","hentry"],"_links":{"self":[{"href":"https:\/\/absauganlage-selber-bauen.de\/index.php?rest_route=\/wp\/v2\/pages\/89","targetHints":{"allow":["GET"]}}],"collection":[{"href":"https:\/\/absauganlage-selber-bauen.de\/index.php?rest_route=\/wp\/v2\/pages"}],"about":[{"href":"https:\/\/absauganlage-selber-bauen.de\/index.php?rest_route=\/wp\/v2\/types\/page"}],"author":[{"embeddable":true,"href":"https:\/\/absauganlage-selber-bauen.de\/index.php?rest_route=\/wp\/v2\/users\/1"}],"replies":[{"embeddable":true,"href":"https:\/\/absauganlage-selber-bauen.de\/index.php?rest_route=%2Fwp%2Fv2%2Fcomments&post=89"}],"version-history":[{"count":5,"href":"https:\/\/absauganlage-selber-bauen.de\/index.php?rest_route=\/wp\/v2\/pages\/89\/revisions"}],"predecessor-version":[{"id":177,"href":"https:\/\/absauganlage-selber-bauen.de\/index.php?rest_route=\/wp\/v2\/pages\/89\/revisions\/177"}],"wp:attachment":[{"href":"https:\/\/absauganlage-selber-bauen.de\/index.php?rest_route=%2Fwp%2Fv2%2Fmedia&parent=89"}],"curies":[{"name":"wp","href":"https:\/\/api.w.org\/{rel}","templated":true}]}}